{"id":8,"date":"2024-08-28T12:50:56","date_gmt":"2024-08-28T12:50:56","guid":{"rendered":"http:\/\/www.teentaikoja.fi\/?page_id=8"},"modified":"2024-09-13T03:22:18","modified_gmt":"2024-09-13T03:22:18","slug":"etusivu","status":"publish","type":"page","link":"https:\/\/www.teentaikoja.fi\/","title":{"rendered":"Tao te ching \u2013 Laotsen opetukset"},"content":{"rendered":"\n<p>Olen kohta julkaisemassa uutta suomennosta taolaisen filosofian muinaiskiinalaisesta perustekstist\u00e4, Tao te chingist\u00e4. Pohjaty\u00f6 on ollut mittavaa ja s\u00e4ntillist\u00e4, ja sanoituksen tyyli on ajatonta, runohenkist\u00e4 sek\u00e4 tulkittavia viestej\u00e4 monitahoisesti avaavaa.<\/p>\n\n\n\n<p>Voit lukea lis\u00e4\u00e4 t\u00e4st\u00e4 ty\u00f6st\u00e4 sek\u00e4 ennakkotilata kirjan tai korttipakan alennettuun hintaan Mesenaatissa: <a href=\"https:\/\/mesenaatti.me\/3525\/tao-te-ching-laotsen-opetukset-korttipakkana-ja-kirjana\/\">https:\/\/mesenaatti.me\/3525\/tao-te-ching-laotsen-opetukset-korttipakkana-ja-kirjana\/<\/a><\/p>\n\n\n\n<figure class=\"wp-block-image size-large\"><img loading=\"lazy\" decoding=\"async\" width=\"979\" height=\"1024\" src=\"http:\/\/www.teentaikoja.fi\/wp-content\/uploads\/2024\/08\/pakka_mainos-979x1024.jpg\" alt=\"\" class=\"wp-image-10\" srcset=\"https:\/\/www.teentaikoja.fi\/wp-content\/uploads\/2024\/08\/pakka_mainos-979x1024.jpg 979w, https:\/\/www.teentaikoja.fi\/wp-content\/uploads\/2024\/08\/pakka_mainos-287x300.jpg 287w, https:\/\/www.teentaikoja.fi\/wp-content\/uploads\/2024\/08\/pakka_mainos-768x804.jpg 768w, https:\/\/www.teentaikoja.fi\/wp-content\/uploads\/2024\/08\/pakka_mainos-1468x1536.jpg 1468w, https:\/\/www.teentaikoja.fi\/wp-content\/uploads\/2024\/08\/pakka_mainos-1957x2048.jpg 1957w\" sizes=\"(max-width: 979px) 100vw, 979px\" \/><\/figure>\n\n\n\n<p>T\u00e4lle kiireess\u00e4 loihditulle sivulle on luvassa lis\u00e4\u00e4 sis\u00e4lt\u00f6\u00e4. Sit\u00e4 odotellessa Mesenaatin joukkorahoitussivu toimii varsinaisena esittelyn\u00e4.<\/p>\n\n\n\n<p class=\"has-contrast-color has-text-color has-link-color wp-elements-7aff4828e1ef8c331290ed712c0feab7\">Voit liitty\u00e4 postituslistalle, mik\u00e4li mielit p\u00e4ivityksi\u00e4 projektini julkaisusta. Ilmoitan muun muassa, mist\u00e4 valmista korttipakkaa tai kirjaa voi l\u00e4hte\u00e4 hankkimaan. Kiitos paljon, ett\u00e4 tulit tutkimaan rakkaudenty\u00f6t\u00e4ni jo n\u00e4in varhaisessa vaiheessa!<\/p>\n\n\n\n<p>\u2013M. V. Puuhkanen<\/p>\n\n\n<div class=\"wpforms-container wpforms-container-full wpforms-block wpforms-block-5d683a2f-68f4-4acb-9d75-e2d11a835bb8 wpforms-render-modern\" id=\"wpforms-16\"><form id=\"wpforms-form-16\" class=\"wpforms-validate wpforms-form wpforms-ajax-form\" data-formid=\"16\" method=\"post\" enctype=\"multipart\/form-data\" action=\"\/index.php\/wp-json\/wp\/v2\/pages\/8\" data-token=\"b651720df7ecaa61499e8120fcbc97ce\" data-token-time=\"1777576537\"><noscript class=\"wpforms-error-noscript\">Please enable JavaScript in your browser to complete this form.<\/noscript><div id=\"wpforms-error-noscript\" style=\"display: none;\">Please enable JavaScript in your browser to complete this form.<\/div><div class=\"wpforms-field-container\">\t\t<div id=\"wpforms-16-field_1-container\"\n\t\t\tclass=\"wpforms-field wpforms-field-text\"\n\t\t\tdata-field-type=\"text\"\n\t\t\tdata-field-id=\"1\"\n\t\t\t>\n\t\t\t<label class=\"wpforms-field-label\" for=\"wpforms-16-field_1\" >s\u00e4hk\u00f6postiosoitteesi Anna<\/label>\n\t\t\t<input type=\"text\" id=\"wpforms-16-field_1\" class=\"wpforms-field-medium\" name=\"wpforms[fields][1]\" >\n\t\t<\/div>\n\t\t<div id=\"wpforms-16-field_2-container\" class=\"wpforms-field wpforms-field-email\" data-field-id=\"2\"><label class=\"wpforms-field-label\" for=\"wpforms-16-field_2\">Anna s\u00e4hk\u00f6postiosoitteesi <span class=\"wpforms-required-label\" aria-hidden=\"true\">*<\/span><\/label><input type=\"email\" id=\"wpforms-16-field_2\" class=\"wpforms-field-medium wpforms-field-required\" name=\"wpforms[fields][2]\" spellcheck=\"false\" aria-errormessage=\"wpforms-16-field_2-error\" aria-describedby=\"wpforms-16-field_2-description\" required><div id=\"wpforms-16-field_2-description\" class=\"wpforms-field-description\">Ilmoitan sinulle projektin edistymisest\u00e4 sek\u00e4 julkaisuista. En anna osoitettasi eteenp\u00e4in.<\/div><\/div><script>\n\t\t\t\t( function() {\n\t\t\t\t\tconst style = document.createElement( 'style' );\n\t\t\t\t\tstyle.appendChild( document.createTextNode( '#wpforms-16-field_1-container { position: absolute !important; overflow: hidden !important; display: inline !important; height: 1px !important; width: 1px !important; z-index: -1000 !important; padding: 0 !important; } #wpforms-16-field_1-container input { visibility: hidden; } #wpforms-conversational-form-page #wpforms-16-field_1-container label { counter-increment: none; }' ) );\n\t\t\t\t\tdocument.head.appendChild( style );\n\t\t\t\t\tdocument.currentScript?.remove();\n\t\t\t\t} )();\n\t\t\t<\/script><\/div><!-- .wpforms-field-container --><div class=\"wpforms-submit-container\" ><input type=\"hidden\" name=\"wpforms[id]\" value=\"16\"><input type=\"hidden\" name=\"page_title\" value=\"\"><input type=\"hidden\" name=\"page_url\" value=\"https:\/\/www.teentaikoja.fi\/index.php\/wp-json\/wp\/v2\/pages\/8\"><input type=\"hidden\" name=\"url_referer\" value=\"\"><button type=\"submit\" name=\"wpforms[submit]\" id=\"wpforms-submit-16\" class=\"wpforms-submit\" data-alt-text=\"L\u00e4hetet\u00e4\u00e4n...\" data-submit-text=\"L\u00e4het\u00e4\" aria-live=\"assertive\" value=\"wpforms-submit\">L\u00e4het\u00e4<\/button><img loading=\"lazy\" decoding=\"async\" src=\"https:\/\/www.teentaikoja.fi\/wp-content\/plugins\/wpforms-lite\/assets\/images\/submit-spin.svg\" class=\"wpforms-submit-spinner\" style=\"display: none;\" width=\"26\" height=\"26\" alt=\"Loading\"><\/div><\/form><\/div>  <!-- .wpforms-container -->\n\n\n<h4 class=\"wp-block-heading\">Joitakin lukun\u00e4ytteit\u00e4 kirjaversiosta:<\/h4>\n\n\n\n<figure class=\"wp-block-gallery has-nested-images columns-1 wp-block-gallery-1 is-layout-flex wp-block-gallery-is-layout-flex\">\n<figure class=\"wp-block-image size-full\"><img loading=\"lazy\" decoding=\"async\" width=\"840\" height=\"782\" data-id=\"47\" src=\"https:\/\/www.teentaikoja.fi\/wp-content\/uploads\/2024\/09\/1.png\" alt=\"\" class=\"wp-image-47\" srcset=\"https:\/\/www.teentaikoja.fi\/wp-content\/uploads\/2024\/09\/1.png 840w, https:\/\/www.teentaikoja.fi\/wp-content\/uploads\/2024\/09\/1-300x279.png 300w, https:\/\/www.teentaikoja.fi\/wp-content\/uploads\/2024\/09\/1-768x715.png 768w\" sizes=\"(max-width: 840px) 100vw, 840px\" \/><\/figure>\n\n\n\n<figure class=\"wp-block-image size-full\"><img loading=\"lazy\" decoding=\"async\" width=\"840\" height=\"716\" data-id=\"50\" src=\"https:\/\/www.teentaikoja.fi\/wp-content\/uploads\/2024\/09\/8.png\" alt=\"\" class=\"wp-image-50\" srcset=\"https:\/\/www.teentaikoja.fi\/wp-content\/uploads\/2024\/09\/8.png 840w, https:\/\/www.teentaikoja.fi\/wp-content\/uploads\/2024\/09\/8-300x256.png 300w, https:\/\/www.teentaikoja.fi\/wp-content\/uploads\/2024\/09\/8-768x655.png 768w\" sizes=\"(max-width: 840px) 100vw, 840px\" \/><\/figure>\n\n\n\n<figure class=\"wp-block-image size-full\"><img loading=\"lazy\" decoding=\"async\" width=\"840\" height=\"590\" data-id=\"49\" src=\"https:\/\/www.teentaikoja.fi\/wp-content\/uploads\/2024\/09\/19.png\" alt=\"\" class=\"wp-image-49\" srcset=\"https:\/\/www.teentaikoja.fi\/wp-content\/uploads\/2024\/09\/19.png 840w, https:\/\/www.teentaikoja.fi\/wp-content\/uploads\/2024\/09\/19-300x211.png 300w, https:\/\/www.teentaikoja.fi\/wp-content\/uploads\/2024\/09\/19-768x539.png 768w\" sizes=\"(max-width: 840px) 100vw, 840px\" \/><\/figure>\n\n\n\n<figure class=\"wp-block-image size-full\"><img loading=\"lazy\" decoding=\"async\" width=\"840\" height=\"953\" data-id=\"52\" src=\"https:\/\/www.teentaikoja.fi\/wp-content\/uploads\/2024\/09\/25.png\" alt=\"\" class=\"wp-image-52\" srcset=\"https:\/\/www.teentaikoja.fi\/wp-content\/uploads\/2024\/09\/25.png 840w, https:\/\/www.teentaikoja.fi\/wp-content\/uploads\/2024\/09\/25-264x300.png 264w, https:\/\/www.teentaikoja.fi\/wp-content\/uploads\/2024\/09\/25-768x871.png 768w\" sizes=\"(max-width: 840px) 100vw, 840px\" \/><\/figure>\n\n\n\n<figure class=\"wp-block-image size-full\"><img loading=\"lazy\" decoding=\"async\" width=\"840\" height=\"524\" data-id=\"45\" src=\"https:\/\/www.teentaikoja.fi\/wp-content\/uploads\/2024\/09\/40.png\" alt=\"\" class=\"wp-image-45\" srcset=\"https:\/\/www.teentaikoja.fi\/wp-content\/uploads\/2024\/09\/40.png 840w, https:\/\/www.teentaikoja.fi\/wp-content\/uploads\/2024\/09\/40-300x187.png 300w, https:\/\/www.teentaikoja.fi\/wp-content\/uploads\/2024\/09\/40-768x479.png 768w\" sizes=\"(max-width: 840px) 100vw, 840px\" \/><\/figure>\n\n\n\n<figure class=\"wp-block-image size-full\"><img loading=\"lazy\" decoding=\"async\" width=\"840\" height=\"938\" data-id=\"48\" src=\"https:\/\/www.teentaikoja.fi\/wp-content\/uploads\/2024\/09\/42.png\" alt=\"\" class=\"wp-image-48\" srcset=\"https:\/\/www.teentaikoja.fi\/wp-content\/uploads\/2024\/09\/42.png 840w, https:\/\/www.teentaikoja.fi\/wp-content\/uploads\/2024\/09\/42-269x300.png 269w, https:\/\/www.teentaikoja.fi\/wp-content\/uploads\/2024\/09\/42-768x858.png 768w\" sizes=\"(max-width: 840px) 100vw, 840px\" \/><\/figure>\n\n\n\n<figure class=\"wp-block-image size-full\"><img loading=\"lazy\" decoding=\"async\" width=\"840\" height=\"593\" data-id=\"46\" src=\"https:\/\/www.teentaikoja.fi\/wp-content\/uploads\/2024\/09\/45.png\" alt=\"\" class=\"wp-image-46\" srcset=\"https:\/\/www.teentaikoja.fi\/wp-content\/uploads\/2024\/09\/45.png 840w, https:\/\/www.teentaikoja.fi\/wp-content\/uploads\/2024\/09\/45-300x212.png 300w, https:\/\/www.teentaikoja.fi\/wp-content\/uploads\/2024\/09\/45-768x542.png 768w\" sizes=\"(max-width: 840px) 100vw, 840px\" \/><\/figure>\n\n\n\n<figure class=\"wp-block-image size-full\"><img loading=\"lazy\" decoding=\"async\" width=\"840\" height=\"872\" data-id=\"51\" src=\"https:\/\/www.teentaikoja.fi\/wp-content\/uploads\/2024\/09\/58.png\" alt=\"\" class=\"wp-image-51\" srcset=\"https:\/\/www.teentaikoja.fi\/wp-content\/uploads\/2024\/09\/58.png 840w, https:\/\/www.teentaikoja.fi\/wp-content\/uploads\/2024\/09\/58-289x300.png 289w, https:\/\/www.teentaikoja.fi\/wp-content\/uploads\/2024\/09\/58-768x797.png 768w\" sizes=\"(max-width: 840px) 100vw, 840px\" \/><\/figure>\n\n\n\n<figure class=\"wp-block-image size-full\"><img loading=\"lazy\" decoding=\"async\" width=\"840\" height=\"1079\" data-id=\"53\" src=\"https:\/\/www.teentaikoja.fi\/wp-content\/uploads\/2024\/09\/64.png\" alt=\"\" class=\"wp-image-53\" srcset=\"https:\/\/www.teentaikoja.fi\/wp-content\/uploads\/2024\/09\/64.png 840w, https:\/\/www.teentaikoja.fi\/wp-content\/uploads\/2024\/09\/64-234x300.png 234w, https:\/\/www.teentaikoja.fi\/wp-content\/uploads\/2024\/09\/64-797x1024.png 797w, https:\/\/www.teentaikoja.fi\/wp-content\/uploads\/2024\/09\/64-768x987.png 768w\" sizes=\"(max-width: 840px) 100vw, 840px\" \/><\/figure>\n\n\n\n<figure class=\"wp-block-image size-full\"><img loading=\"lazy\" decoding=\"async\" width=\"840\" height=\"953\" data-id=\"54\" src=\"https:\/\/www.teentaikoja.fi\/wp-content\/uploads\/2024\/09\/67.png\" alt=\"\" class=\"wp-image-54\" srcset=\"https:\/\/www.teentaikoja.fi\/wp-content\/uploads\/2024\/09\/67.png 840w, https:\/\/www.teentaikoja.fi\/wp-content\/uploads\/2024\/09\/67-264x300.png 264w, https:\/\/www.teentaikoja.fi\/wp-content\/uploads\/2024\/09\/67-768x871.png 768w\" sizes=\"(max-width: 840px) 100vw, 840px\" \/><\/figure>\n<\/figure>\n","protected":false},"excerpt":{"rendered":"<p>Olen kohta julkaisemassa uutta suomennosta taolaisen filosofian muinaiskiinalaisesta perustekstist\u00e4, Tao te chingist\u00e4. Pohjaty\u00f6 on ollut mittavaa ja s\u00e4ntillist\u00e4, ja sanoituksen tyyli on ajatonta, runohenkist\u00e4 sek\u00e4 tulkittavia viestej\u00e4 monitahoisesti avaavaa. Voit lukea lis\u00e4\u00e4 t\u00e4st\u00e4 ty\u00f6st\u00e4 sek\u00e4 ennakkotilata kirjan tai korttipakan alennettuun hintaan Mesenaatissa: https:\/\/mesenaatti.me\/3525\/tao-te-ching-laotsen-opetukset-korttipakkana-ja-kirjana\/ T\u00e4lle kiireess\u00e4 loihditulle sivulle on luvassa lis\u00e4\u00e4 sis\u00e4lt\u00f6\u00e4. Sit\u00e4 odotellessa Mesenaatin joukkorahoitussivu [&hellip;]<\/p>\n","protected":false},"author":1,"featured_media":0,"parent":0,"menu_order":0,"comment_status":"closed","ping_status":"closed","template":"","meta":{"footnotes":""},"class_list":["post-8","page","type-page","status-publish","hentry"],"_links":{"self":[{"href":"https:\/\/www.teentaikoja.fi\/index.php\/wp-json\/wp\/v2\/pages\/8"}],"collection":[{"href":"https:\/\/www.teentaikoja.fi\/index.php\/wp-json\/wp\/v2\/pages"}],"about":[{"href":"https:\/\/www.teentaikoja.fi\/index.php\/wp-json\/wp\/v2\/types\/page"}],"author":[{"embeddable":true,"href":"https:\/\/www.teentaikoja.fi\/index.php\/wp-json\/wp\/v2\/users\/1"}],"replies":[{"embeddable":true,"href":"https:\/\/www.teentaikoja.fi\/index.php\/wp-json\/wp\/v2\/comments?post=8"}],"version-history":[{"count":23,"href":"https:\/\/www.teentaikoja.fi\/index.php\/wp-json\/wp\/v2\/pages\/8\/revisions"}],"predecessor-version":[{"id":83,"href":"https:\/\/www.teentaikoja.fi\/index.php\/wp-json\/wp\/v2\/pages\/8\/revisions\/83"}],"wp:attachment":[{"href":"https:\/\/www.teentaikoja.fi\/index.php\/wp-json\/wp\/v2\/media?parent=8"}],"curies":[{"name":"wp","href":"https:\/\/api.w.org\/{rel}","templated":true}]}}